{"id":9341,"date":"2023-07-19T15:15:04","date_gmt":"2023-07-19T15:15:04","guid":{"rendered":"https:\/\/www.gamestocker.com\/hakkimizda\/"},"modified":"2026-03-15T22:52:49","modified_gmt":"2026-03-15T22:52:49","slug":"hakkimizda","status":"publish","type":"page","link":"https:\/\/www.gamestocker.com\/tr\/hakkimizda\/","title":{"rendered":"Hakk\u0131m\u0131zda"},"content":{"rendered":"\t\t<div data-elementor-type=\"wp-page\" data-elementor-id=\"9341\" class=\"elementor elementor-9341 elementor-1745\">\n\t\t\t\t<div class=\"wd-negative-gap elementor-element elementor-element-ba0d6bb e-flex e-con-boxed e-con e-parent\" data-id=\"ba0d6bb\" data-element_type=\"container\" data-e-type=\"container\">\n\t\t\t\t\t<div class=\"e-con-inner\">\n\t\t\t\t<div class=\"elementor-element elementor-element-3ff108f wd-width-100 elementor-widget elementor-widget-wd_title\" data-id=\"3ff108f\" data-element_type=\"widget\" data-e-type=\"widget\" data-widget_type=\"wd_title.default\">\n\t\t\t\t<div class=\"elementor-widget-container\">\n\t\t\t\t\t\t\t<div class=\"title-wrapper wd-set-mb reset-last-child wd-title-color-default wd-title-style-default wd-title-size-default text-center\">\n\n\t\t\t\n\t\t\t<div class=\"liner-continer\">\n\t\t\t\t<h4 class=\"woodmart-title-container title wd-fontsize-l\">GameStocker Hikayesi<\/h4> \n\t\t\t\t\t\t\t<\/div>\n\n\t\t\t\t\t<\/div>\n\t\t\t\t\t\t<\/div>\n\t\t\t\t<\/div>\n\t\t\t\t<div class=\"elementor-element elementor-element-a196284 elementor-widget elementor-widget-wd_text_block\" data-id=\"a196284\" data-element_type=\"widget\" data-e-type=\"widget\" data-widget_type=\"wd_text_block.default\">\n\t\t\t\t<div class=\"elementor-widget-container\">\n\t\t\t\t\t\t\t<div class=\"wd-text-block reset-last-child text-center\">\n\t\t\t\n\t\t\t<p style=\"margin-bottom: var(--wd-tags-mb); font-style: normal; font-weight: 400; font-family: Cabin, Arial, Helvetica, sans-serif; font-size: 16px;\">Oyuncular olarak \u00e7\u0131kt\u0131\u011f\u0131m\u0131z bu yolda, 2025 y\u0131l\u0131nda GameStocker olarak t\u00fcm oyunculara hizmet vermeye ba\u015flad\u0131k. T\u00fcm oyuncular\u0131n oyunlara kesintisiz ve en kolay \u015fekilde eri\u015febilmesi i\u00e7in durmaks\u0131z\u0131n \u00e7al\u0131\u015f\u0131yor, GameStocker olarak t\u00fcm kullan\u0131c\u0131lar\u0131m\u0131za Oyun prensibiyle en uygun oyun fiyat garantisini sunuyoruz. T\u00fcm oyunlarda, Epin kategorilerinde, Hediye Kartlar\u0131nda ve Oyun \u0130\u00e7i \u00f6\u011felerde \u00fcr\u00fcnleri en uygun fiyatlarla satmak i\u00e7in \u00e7al\u0131\u015f\u0131yor ve anla\u015fmalar yap\u0131yor, de\u011ferli kullan\u0131c\u0131lar\u0131m\u0131z i\u00e7in her g\u00fcn kendimizi yeniliyoruz.<\/p>\n\t\t\t\t\t<\/div>\n\t\t\t\t\t\t<\/div>\n\t\t\t\t<\/div>\n\t\t\t\t\t<\/div>\n\t\t\t\t<\/div>\n\t\t<div class=\"wd-negative-gap elementor-element elementor-element-5956ff9 wd-section-stretch-content e-flex e-con-boxed e-con e-parent\" data-id=\"5956ff9\" data-element_type=\"container\" data-e-type=\"container\">\n\t\t\t\t\t<div class=\"e-con-inner\">\n\t\t\t\t<div class=\"elementor-element elementor-element-ab50ca1 wd-width-100 elementor-widget elementor-widget-wd_banner_carousel\" data-id=\"ab50ca1\" data-element_type=\"widget\" data-e-type=\"widget\" data-widget_type=\"wd_banner_carousel.default\">\n\t\t\t\t<div class=\"elementor-widget-container\">\n\t\t\t\t\t\t\t<div class=\"wd-carousel-container banners-carousel-wrapper\">\n\t\t\t<div class=\"wd-carousel-inner\">\n\t\t\t\t<div class=\"wd-carousel wd-grid banners-carousel\" data-wrap=\"yes\" data-scroll_per_page=\"yes\" style=\"--wd-col-lg:4;--wd-col-md:3;--wd-col-sm:1;--wd-gap-lg:30px;--wd-gap-sm:10px;\">\n\t\t\t\t\t<div class=\"wd-carousel-wrap\">\n\t\t\t\t\t\t\t\t\t\t\t\t\t\t\t\t\t\t\t\t\t\t<div class=\"promo-banner-wrapper wd-carousel-item elementor-repeater-item-d7ce1e8\">\n\t\t\t<div class=\"promo-banner banner-default banner-hover-parallax color-scheme-light banner-btn-size-default banner-btn-style-default wd-with-link\">\n\t\t\t\t<div class=\"main-wrapp-img\">\n\t\t\t\t\t<div class=\"banner-image\">\n\t\t\t\t\t\t\t\t\t\t\t\t\t\t\t\t\t\t\t\t\t<img fetchpriority=\"high\" decoding=\"async\" width=\"350\" height=\"460\" src=\"https:\/\/www.gamestocker.com\/wp-content\/uploads\/2023\/07\/wd-vgs-from-gamers-d-opt.jpg\" class=\"attachment-full size-full\" alt=\"\" srcset=\"https:\/\/www.gamestocker.com\/wp-content\/uploads\/2023\/07\/wd-vgs-from-gamers-d-opt.jpg 350w, https:\/\/www.gamestocker.com\/wp-content\/uploads\/2023\/07\/wd-vgs-from-gamers-d-opt-150x197.jpg 150w\" sizes=\"(max-width: 350px) 100vw, 350px\" \/>\t\t\t\t\t\t\t\t\t\t\t\t\t\t\t\t\t\t<\/div>\n\t\t\t\t<\/div>\n\n\t\t\t\t<div class=\"wrapper-content-banner wd-fill wd-items-top wd-justify-left\">\n\t\t\t\t\t<div class=\"content-banner  text-left\">\n\t\t\t\t\t\t\n\t\t\t\t\t\t\t\t\t\t\t\t\t<h4 class=\"banner-title wd-fontsize-xl\" data-elementor-setting-key=\"title\">\n\t\t\t\t\t\t\t\tOyunlardan\t\t\t\t\t\t\t<\/h4>\n\t\t\t\t\t\t\n\t\t\t\t\t\t\t\t\t\t\t\t\t<div class=\"banner-inner reset-last-child wd-fontsize-s\" data-elementor-setting-key=\"content\">\n\t\t\t\t\t\t\t\t<p>Sana ve arkada\u015flar\u0131na \u00f6zel tekliflerle oyunlar, oyun i\u00e7i \u00f6\u011feler, dijital anahtarlar ve daha fazlas\u0131.<\/p>\n\t\t\t\t\t\t\t<\/div>\n\t\t\t\t\t\t\n\t\t\t\t\t\t\n\t\t\t\t\t\t\t\t\t\t\t<\/div>\n\t\t\t\t<\/div>\n\n\t\t\t\t\t\t\t\t\t<a href=\"https:\/\/www.gamestocker.com\/shop\/\" class=\"wd-promo-banner-link wd-fill\" aria-label=\"Banner link\"><\/a>\n\t\t\t\t\t\t\t<\/div>\n\t\t<\/div>\n\t\t\t\t\t\t\t\t\t\t\t\t\t\t\t\t\t\t\t\t\t\t\t\t<div class=\"promo-banner-wrapper wd-carousel-item elementor-repeater-item-d2d00d2\">\n\t\t\t<div class=\"promo-banner banner-default banner-hover-parallax color-scheme-light banner-btn-size-default banner-btn-style-default wd-with-link\">\n\t\t\t\t<div class=\"main-wrapp-img\">\n\t\t\t\t\t<div class=\"banner-image\">\n\t\t\t\t\t\t\t\t\t\t\t\t\t\t\t\t\t\t\t\t\t<img decoding=\"async\" width=\"350\" height=\"460\" src=\"https:\/\/www.gamestocker.com\/wp-content\/uploads\/2023\/07\/wd-vgs-experiance-d-opt.jpg\" class=\"attachment-full size-full\" alt=\"\" srcset=\"https:\/\/www.gamestocker.com\/wp-content\/uploads\/2023\/07\/wd-vgs-experiance-d-opt.jpg 350w, https:\/\/www.gamestocker.com\/wp-content\/uploads\/2023\/07\/wd-vgs-experiance-d-opt-150x197.jpg 150w\" sizes=\"(max-width: 350px) 100vw, 350px\" \/>\t\t\t\t\t\t\t\t\t\t\t\t\t\t\t\t\t\t<\/div>\n\t\t\t\t<\/div>\n\n\t\t\t\t<div class=\"wrapper-content-banner wd-fill wd-items-top wd-justify-left\">\n\t\t\t\t\t<div class=\"content-banner  text-left\">\n\t\t\t\t\t\t\n\t\t\t\t\t\t\t\t\t\t\t\t\t<h4 class=\"banner-title wd-fontsize-xl\" data-elementor-setting-key=\"title\">\n\t\t\t\t\t\t\t\tDeneyim\t\t\t\t\t\t\t<\/h4>\n\t\t\t\t\t\t\n\t\t\t\t\t\t\t\t\t\t\t\t\t<div class=\"banner-inner reset-last-child wd-fontsize-s\" data-elementor-setting-key=\"content\">\n\t\t\t\t\t\t\t\t<p>Sitemiz yeni olmas\u0131na ra\u011fmen, bu alanda 7 y\u0131l\u0131 a\u015fk\u0131n deneyime sahibiz.<\/p>\n\t\t\t\t\t\t\t<\/div>\n\t\t\t\t\t\t\n\t\t\t\t\t\t\n\t\t\t\t\t\t\t\t\t\t\t<\/div>\n\t\t\t\t<\/div>\n\n\t\t\t\t\t\t\t\t\t<a href=\"https:\/\/www.gamestocker.com\/blog\/\" class=\"wd-promo-banner-link wd-fill\" aria-label=\"Banner link\"><\/a>\n\t\t\t\t\t\t\t<\/div>\n\t\t<\/div>\n\t\t\t\t\t\t\t\t\t\t\t\t\t\t\t\t\t\t\t\t\t\t\t\t<div class=\"promo-banner-wrapper wd-carousel-item elementor-repeater-item-ed040d3\">\n\t\t\t<div class=\"promo-banner banner-default banner-hover-parallax color-scheme-light banner-btn-size-default banner-btn-style-default wd-with-link\">\n\t\t\t\t<div class=\"main-wrapp-img\">\n\t\t\t\t\t<div class=\"banner-image\">\n\t\t\t\t\t\t\t\t\t\t\t\t\t\t\t\t\t\t\t\t\t<img decoding=\"async\" width=\"350\" height=\"460\" src=\"https:\/\/www.gamestocker.com\/wp-content\/uploads\/2023\/07\/wd-vgs-safe-payments-d-opt.jpg\" class=\"attachment-full size-full\" alt=\"\" srcset=\"https:\/\/www.gamestocker.com\/wp-content\/uploads\/2023\/07\/wd-vgs-safe-payments-d-opt.jpg 350w, https:\/\/www.gamestocker.com\/wp-content\/uploads\/2023\/07\/wd-vgs-safe-payments-d-opt-150x197.jpg 150w\" sizes=\"(max-width: 350px) 100vw, 350px\" \/>\t\t\t\t\t\t\t\t\t\t\t\t\t\t\t\t\t\t<\/div>\n\t\t\t\t<\/div>\n\n\t\t\t\t<div class=\"wrapper-content-banner wd-fill wd-items-top wd-justify-left\">\n\t\t\t\t\t<div class=\"content-banner  text-left\">\n\t\t\t\t\t\t\n\t\t\t\t\t\t\t\t\t\t\t\t\t<h4 class=\"banner-title wd-fontsize-xl\" data-elementor-setting-key=\"title\">\n\t\t\t\t\t\t\t\tG\u00fcvenli \u00d6demeler\t\t\t\t\t\t\t<\/h4>\n\t\t\t\t\t\t\n\t\t\t\t\t\t\t\t\t\t\t\t\t<div class=\"banner-inner reset-last-child wd-fontsize-s\" data-elementor-setting-key=\"content\">\n\t\t\t\t\t\t\t\t<p>G\u00fcvenli \u00f6demeler ve anla\u015fmalar yap, paran\u0131 koruyaca\u011f\u0131z.<\/p>\n\t\t\t\t\t\t\t<\/div>\n\t\t\t\t\t\t\n\t\t\t\t\t\t\n\t\t\t\t\t\t\t\t\t\t\t<\/div>\n\t\t\t\t<\/div>\n\n\t\t\t\t\t\t\t\t\t<a href=\"https:\/\/www.gamestocker.com\/payment-policy\/\" class=\"wd-promo-banner-link wd-fill\" aria-label=\"Banner link\"><\/a>\n\t\t\t\t\t\t\t<\/div>\n\t\t<\/div>\n\t\t\t\t\t\t\t\t\t\t\t\t\t\t\t\t\t\t\t\t\t\t\t\t<div class=\"promo-banner-wrapper wd-carousel-item elementor-repeater-item-9b66ec5\">\n\t\t\t<div class=\"promo-banner banner-default banner-hover-parallax color-scheme-light banner-btn-size-default banner-btn-style-default wd-with-link\">\n\t\t\t\t<div class=\"main-wrapp-img\">\n\t\t\t\t\t<div class=\"banner-image\">\n\t\t\t\t\t\t\t\t\t\t\t\t\t\t\t\t\t\t\t\t\t<img loading=\"lazy\" decoding=\"async\" width=\"350\" height=\"460\" src=\"https:\/\/www.gamestocker.com\/wp-content\/uploads\/2023\/07\/wd-vgs-support-d-opt.jpg\" class=\"attachment-full size-full\" alt=\"\" srcset=\"https:\/\/www.gamestocker.com\/wp-content\/uploads\/2023\/07\/wd-vgs-support-d-opt.jpg 350w, https:\/\/www.gamestocker.com\/wp-content\/uploads\/2023\/07\/wd-vgs-support-d-opt-150x197.jpg 150w\" sizes=\"(max-width: 350px) 100vw, 350px\" \/>\t\t\t\t\t\t\t\t\t\t\t\t\t\t\t\t\t\t<\/div>\n\t\t\t\t<\/div>\n\n\t\t\t\t<div class=\"wrapper-content-banner wd-fill wd-items-top wd-justify-left\">\n\t\t\t\t\t<div class=\"content-banner  text-left\">\n\t\t\t\t\t\t\n\t\t\t\t\t\t\t\t\t\t\t\t\t<h4 class=\"banner-title wd-fontsize-xl\" data-elementor-setting-key=\"title\">\n\t\t\t\t\t\t\t\tDestek\t\t\t\t\t\t\t<\/h4>\n\t\t\t\t\t\t\n\t\t\t\t\t\t\t\t\t\t\t\t\t<div class=\"banner-inner reset-last-child wd-fontsize-s\" data-elementor-setting-key=\"content\">\n\t\t\t\t\t\t\t\t<p>Yard\u0131ma m\u0131 ihtiyac\u0131n var veya ma\u011fazam\u0131z i\u00e7in bir dile\u011fin mi var? 7\/24 deste\u011fimizle ileti\u015fime ge\u00e7.<\/p>\n\t\t\t\t\t\t\t<\/div>\n\t\t\t\t\t\t\n\t\t\t\t\t\t\n\t\t\t\t\t\t\t\t\t\t\t<\/div>\n\t\t\t\t<\/div>\n\n\t\t\t\t\t\t\t\t\t<a href=\"https:\/\/www.gamestocker.com\/contact-us\/\" class=\"wd-promo-banner-link wd-fill\" aria-label=\"Banner link\"><\/a>\n\t\t\t\t\t\t\t<\/div>\n\t\t<\/div>\n\t\t\t\t\t\t\t\t\t\t\t\t\t<\/div>\n\t\t\t\t<\/div>\n\n\t\t\t\t\t\t\t\t\t\t\t<div class=\"wd-nav-arrows wd-pos-sep wd-hover-1 wd-icon-1\">\n\t\t\t<div class=\"wd-btn-arrow wd-prev wd-disabled\">\n\t\t\t\t<div class=\"wd-arrow-inner\"><\/div>\n\t\t\t<\/div>\n\t\t\t<div class=\"wd-btn-arrow wd-next\">\n\t\t\t\t<div class=\"wd-arrow-inner\"><\/div>\n\t\t\t<\/div>\n\t\t<\/div>\n\t\t\t\t\t\t\t\t\t<\/div>\n\n\t\t\t\t\t\t\t\t<\/div>\n\t\t\t\t\t\t<\/div>\n\t\t\t\t<\/div>\n\t\t\t\t\t<\/div>\n\t\t\t\t<\/div>\n\t\t<div class=\"wd-negative-gap elementor-element elementor-element-b83ee8c e-flex e-con-boxed e-con e-parent\" data-id=\"b83ee8c\" data-element_type=\"container\" data-e-type=\"container\">\n\t\t\t\t\t<div class=\"e-con-inner\">\n\t\t<div class=\"elementor-element elementor-element-eeb8ab0 e-con-full e-flex e-con e-child\" data-id=\"eeb8ab0\" data-element_type=\"container\" data-e-type=\"container\">\n\t\t\t\t<div class=\"elementor-element elementor-element-8b74b5b wd-width-100 elementor-widget elementor-widget-wd_title\" data-id=\"8b74b5b\" data-element_type=\"widget\" data-e-type=\"widget\" data-widget_type=\"wd_title.default\">\n\t\t\t\t<div class=\"elementor-widget-container\">\n\t\t\t\t\t\t\t<div class=\"title-wrapper wd-set-mb reset-last-child wd-title-color-default wd-title-style-default wd-title-size-large text-center\">\n\n\t\t\t\n\t\t\t<div class=\"liner-continer\">\n\t\t\t\t<h4 class=\"woodmart-title-container title wd-fontsize-xxl\">Bize ula\u015f\u0131n<\/h4> \n\t\t\t\t\t\t\t<\/div>\n\n\t\t\t\t\t<\/div>\n\t\t\t\t\t\t<\/div>\n\t\t\t\t<\/div>\n\t\t\t\t<div class=\"elementor-element elementor-element-494a345 elementor-widget elementor-widget-wd_text_block\" data-id=\"494a345\" data-element_type=\"widget\" data-e-type=\"widget\" data-widget_type=\"wd_text_block.default\">\n\t\t\t\t<div class=\"elementor-widget-container\">\n\t\t\t\t\t\t\t<div class=\"wd-text-block reset-last-child text-center\">\n\t\t\t\n\t\t\t<p class=\"wp-block-heading\"><strong>Adres: 71-75 Shelton Street, Covent Garden, Londra, WC2H 9JQ, Birle\u015fik Krall\u0131k<\/strong><br><strong>\u00c7al\u0131\u015fma Saatleri: 7\/24<\/strong><br><strong>WhatsApp: <a href=\"https:\/\/wa.me\/447563990575\" target=\"_blank\" rel=\"noopener\"><span class=\"elementor-icon-list-text\">+44 7563 990575<\/span><\/a><\/strong><br><strong>E-posta: support@gamestocker.com<\/strong><\/p>\n\t\t\t\t\t<\/div>\n\t\t\t\t\t\t<\/div>\n\t\t\t\t<\/div>\n\t\t\t\t<\/div>\n\t\t\t\t\t<\/div>\n\t\t\t\t<\/div>\n\t\t\t\t<\/div>\n\t\t","protected":false},"excerpt":{"rendered":"<p>GameStocker Hikayesi Oyuncular olarak \u00e7\u0131kt\u0131\u011f\u0131m\u0131z bu yolda, 2025 y\u0131l\u0131nda GameStocker olarak t\u00fcm oyunculara hizmet vermeye ba\u015flad\u0131k. T\u00fcm oyuncular\u0131n oyunlara kesintisiz<\/p>\n","protected":false},"author":1,"featured_media":0,"parent":0,"menu_order":0,"comment_status":"closed","ping_status":"closed","template":"","meta":{"inline_featured_image":false,"footnotes":""},"class_list":["post-9341","page","type-page","status-publish","hentry"],"_links":{"self":[{"href":"https:\/\/www.gamestocker.com\/tr\/wp-json\/wp\/v2\/pages\/9341","targetHints":{"allow":["GET"]}}],"collection":[{"href":"https:\/\/www.gamestocker.com\/tr\/wp-json\/wp\/v2\/pages"}],"about":[{"href":"https:\/\/www.gamestocker.com\/tr\/wp-json\/wp\/v2\/types\/page"}],"author":[{"embeddable":true,"href":"https:\/\/www.gamestocker.com\/tr\/wp-json\/wp\/v2\/users\/1"}],"replies":[{"embeddable":true,"href":"https:\/\/www.gamestocker.com\/tr\/wp-json\/wp\/v2\/comments?post=9341"}],"version-history":[{"count":1,"href":"https:\/\/www.gamestocker.com\/tr\/wp-json\/wp\/v2\/pages\/9341\/revisions"}],"predecessor-version":[{"id":9342,"href":"https:\/\/www.gamestocker.com\/tr\/wp-json\/wp\/v2\/pages\/9341\/revisions\/9342"}],"wp:attachment":[{"href":"https:\/\/www.gamestocker.com\/tr\/wp-json\/wp\/v2\/media?parent=9341"}],"curies":[{"name":"wp","href":"https:\/\/api.w.org\/{rel}","templated":true}]}}